{"id":6436,"date":"2025-08-10T00:02:20","date_gmt":"2025-08-10T00:02:20","guid":{"rendered":"https:\/\/kubazuki.shop\/?post_type=product&#038;p=6436"},"modified":"2025-08-19T02:52:12","modified_gmt":"2025-08-19T02:52:12","slug":"horno-tostador-40-lt","status":"publish","type":"product","link":"https:\/\/kubazuki.shop\/en\/product\/horno-tostador-40-lt\/","title":{"rendered":"Horno Tostador 40 Lt"},"content":{"rendered":"<p>El <strong data-start=\"102\" data-end=\"136\">horno tostador SOKANY SK-10013<\/strong> de <strong data-start=\"140\" data-end=\"153\">40 litros<\/strong> ofrece cocci\u00f3n uniforme por convecci\u00f3n, ideal para hornear, tostar, asar, gratinar y calentar alimentos con resultados perfectos. Cuenta con funci\u00f3n de tostado r\u00e1pido, control de temperatura ajustable, temporizador y dise\u00f1o compacto, permitiendo preparar pizzas, panes, pasteles, carnes, vegetales y mucho m\u00e1s en la cocina dom\u00e9stica.<\/p>","protected":false},"excerpt":{"rendered":"<h4><span style=\"background-color: #ffffff;\"><strong>Marca: SOKANY \/ <\/strong><\/span><span style=\"background-color: #333399;\"><strong><span style=\"color: #ffffff;\">Modelo: SK-10013<\/span><\/strong><\/span><\/h4>\n<ul>\n<li>Voltaje: 110 V<\/li>\n<li>Potencia m\u00e1xima: 1500 W<\/li>\n<li>Capacidad: 40 lt<\/li>\n<li>Temperatura: 100\u00b0C a 250\u00b0C<\/li>\n<\/ul>","protected":false},"featured_media":6442,"comment_status":"open","ping_status":"closed","template":"","meta":[],"product_brand":[],"product_cat":[48],"product_tag":[],"class_list":{"0":"post-6436","1":"product","2":"type-product","3":"status-publish","4":"has-post-thumbnail","6":"product_cat-electrodomesticos","8":"first","9":"instock","10":"sale","11":"shipping-taxable","12":"purchasable","13":"product-type-simple"},"_links":{"self":[{"href":"https:\/\/kubazuki.shop\/en\/wp-json\/wp\/v2\/product\/6436","targetHints":{"allow":["GET"]}}],"collection":[{"href":"https:\/\/kubazuki.shop\/en\/wp-json\/wp\/v2\/product"}],"about":[{"href":"https:\/\/kubazuki.shop\/en\/wp-json\/wp\/v2\/types\/product"}],"replies":[{"embeddable":true,"href":"https:\/\/kubazuki.shop\/en\/wp-json\/wp\/v2\/comments?post=6436"}],"wp:featuredmedia":[{"embeddable":true,"href":"https:\/\/kubazuki.shop\/en\/wp-json\/wp\/v2\/media\/6442"}],"wp:attachment":[{"href":"https:\/\/kubazuki.shop\/en\/wp-json\/wp\/v2\/media?parent=6436"}],"wp:term":[{"taxonomy":"product_brand","embeddable":true,"href":"https:\/\/kubazuki.shop\/en\/wp-json\/wp\/v2\/product_brand?post=6436"},{"taxonomy":"product_cat","embeddable":true,"href":"https:\/\/kubazuki.shop\/en\/wp-json\/wp\/v2\/product_cat?post=6436"},{"taxonomy":"product_tag","embeddable":true,"href":"https:\/\/kubazuki.shop\/en\/wp-json\/wp\/v2\/product_tag?post=6436"}],"curies":[{"name":"wp","href":"https:\/\/api.w.org\/{rel}","templated":true}]}}