{"id":6435,"date":"2025-08-09T23:43:44","date_gmt":"2025-08-09T23:43:44","guid":{"rendered":"https:\/\/kubazuki.shop\/?post_type=product&#038;p=6435"},"modified":"2025-08-19T02:55:57","modified_gmt":"2025-08-19T02:55:57","slug":"batidora-multipropositos-1-5-litros","status":"publish","type":"product","link":"https:\/\/kubazuki.shop\/en\/product\/batidora-multipropositos-1-5-litros\/","title":{"rendered":"Batidora Multiprop\u00f3sitos 1.5 Litros"},"content":{"rendered":"<p>La batidora <strong data-start=\"3\" data-end=\"22\">SOKANY SK-03031<\/strong> es una batidora\/blender multiprop\u00f3sito de 800\u202fW con motor robusto de aleaci\u00f3n cobre-aluminio, jarra de vidrio de 1,5\u202flitros, 5 niveles de velocidad ajustables y bot\u00f3n Ice Crusher para triturar hielo f\u00e1cilmente. Ideal para licuar, triturar, procesar alimentos y disfrutar de preparaciones r\u00e1pidas y vers\u00e1tiles en tu cocina diaria.<\/p>","protected":false},"excerpt":{"rendered":"<p><span style=\"background-color: #ffffff;\"><strong>Marca: SOKANY \/ <\/strong><\/span><span style=\"background-color: #333399;\"><strong><span style=\"color: #ffffff;\">Modelo: SK-03031<\/span><\/strong><\/span><\/p>\n<ul>\n<li>Voltaje: 110 V<\/li>\n<li>Potencia m\u00e1xima: 800 W<\/li>\n<li style=\"text-align: left;\">Capacidad del vaso de cristal: 1.5 lt<\/li>\n<li>Bate, mezcla, lic\u00faa y muele.<\/li>\n<\/ul>","protected":false},"featured_media":6431,"comment_status":"open","ping_status":"closed","template":"","meta":[],"product_brand":[],"product_cat":[48],"product_tag":[],"class_list":{"0":"post-6435","1":"product","2":"type-product","3":"status-publish","4":"has-post-thumbnail","6":"product_cat-electrodomesticos","8":"first","9":"instock","10":"shipping-taxable","11":"purchasable","12":"product-type-simple"},"_links":{"self":[{"href":"https:\/\/kubazuki.shop\/en\/wp-json\/wp\/v2\/product\/6435","targetHints":{"allow":["GET"]}}],"collection":[{"href":"https:\/\/kubazuki.shop\/en\/wp-json\/wp\/v2\/product"}],"about":[{"href":"https:\/\/kubazuki.shop\/en\/wp-json\/wp\/v2\/types\/product"}],"replies":[{"embeddable":true,"href":"https:\/\/kubazuki.shop\/en\/wp-json\/wp\/v2\/comments?post=6435"}],"wp:featuredmedia":[{"embeddable":true,"href":"https:\/\/kubazuki.shop\/en\/wp-json\/wp\/v2\/media\/6431"}],"wp:attachment":[{"href":"https:\/\/kubazuki.shop\/en\/wp-json\/wp\/v2\/media?parent=6435"}],"wp:term":[{"taxonomy":"product_brand","embeddable":true,"href":"https:\/\/kubazuki.shop\/en\/wp-json\/wp\/v2\/product_brand?post=6435"},{"taxonomy":"product_cat","embeddable":true,"href":"https:\/\/kubazuki.shop\/en\/wp-json\/wp\/v2\/product_cat?post=6435"},{"taxonomy":"product_tag","embeddable":true,"href":"https:\/\/kubazuki.shop\/en\/wp-json\/wp\/v2\/product_tag?post=6435"}],"curies":[{"name":"wp","href":"https:\/\/api.w.org\/{rel}","templated":true}]}}