{"id":6357,"date":"2025-08-04T18:08:20","date_gmt":"2025-08-04T18:08:20","guid":{"rendered":"https:\/\/kubazuki.shop\/?post_type=product&#038;p=6357"},"modified":"2025-08-19T15:00:08","modified_gmt":"2025-08-19T15:00:08","slug":"olla-arrocera-1-8-lt","status":"publish","type":"product","link":"https:\/\/kubazuki.shop\/en\/product\/olla-arrocera-1-8-lt\/","title":{"rendered":"Olla Arrocera 1.8 Lt"},"content":{"rendered":"<p>Prepara arroz perfecto en poco tiempo con la <strong data-start=\"320\" data-end=\"363\">olla arrocera el\u00e9ctrica SOKANY SK-07058<\/strong>. Con una capacidad de 1,8 litros y 700 W de potencia, esta arrocera es ideal para hogares peque\u00f1os o medianos. Su panel f\u00e1cil de usar incluye funciones de cocci\u00f3n autom\u00e1tica y mantener caliente, mientras que su dise\u00f1o funcional incorpora v\u00e1lvula de seguridad, anillo de sellado extra\u00edble, pies antideslizantes y cuerpo resistente, que garantizan comodidad, seguridad y durabilidad en cada uso. Perfecta para simplificar tus comidas cotidianas.<\/p>","protected":false},"excerpt":{"rendered":"<p><strong><span style=\"color: #282828;\">Marca: SOKANY \/ <\/span><span style=\"background-color: #333399; color: #ffffff;\">Modelo: SK-07058<\/span><\/strong><\/p>\n<ul>\n<li>Voltaje: 110 V<\/li>\n<li>Potencia m\u00e1xima: 700 W<\/li>\n<li style=\"text-align: left;\">Capacidad: 1.8 lt<\/li>\n<li>Cocina y mantiene caliente el arroz.<\/li>\n<\/ul>","protected":false},"featured_media":6385,"comment_status":"open","ping_status":"closed","template":"","meta":[],"product_brand":[],"product_cat":[48],"product_tag":[],"class_list":{"0":"post-6357","1":"product","2":"type-product","3":"status-publish","4":"has-post-thumbnail","6":"product_cat-electrodomesticos","8":"first","9":"instock","10":"sale","11":"shipping-taxable","12":"purchasable","13":"product-type-simple"},"_links":{"self":[{"href":"https:\/\/kubazuki.shop\/en\/wp-json\/wp\/v2\/product\/6357","targetHints":{"allow":["GET"]}}],"collection":[{"href":"https:\/\/kubazuki.shop\/en\/wp-json\/wp\/v2\/product"}],"about":[{"href":"https:\/\/kubazuki.shop\/en\/wp-json\/wp\/v2\/types\/product"}],"replies":[{"embeddable":true,"href":"https:\/\/kubazuki.shop\/en\/wp-json\/wp\/v2\/comments?post=6357"}],"wp:featuredmedia":[{"embeddable":true,"href":"https:\/\/kubazuki.shop\/en\/wp-json\/wp\/v2\/media\/6385"}],"wp:attachment":[{"href":"https:\/\/kubazuki.shop\/en\/wp-json\/wp\/v2\/media?parent=6357"}],"wp:term":[{"taxonomy":"product_brand","embeddable":true,"href":"https:\/\/kubazuki.shop\/en\/wp-json\/wp\/v2\/product_brand?post=6357"},{"taxonomy":"product_cat","embeddable":true,"href":"https:\/\/kubazuki.shop\/en\/wp-json\/wp\/v2\/product_cat?post=6357"},{"taxonomy":"product_tag","embeddable":true,"href":"https:\/\/kubazuki.shop\/en\/wp-json\/wp\/v2\/product_tag?post=6357"}],"curies":[{"name":"wp","href":"https:\/\/api.w.org\/{rel}","templated":true}]}}